{"id":99,"date":"2025-08-14T17:00:44","date_gmt":"2025-08-14T17:00:44","guid":{"rendered":"https:\/\/mecanix.com.tr\/?page_id=99"},"modified":"2025-08-14T17:29:46","modified_gmt":"2025-08-14T17:29:46","slug":"ps12","status":"publish","type":"page","link":"https:\/\/mecanix.com.tr\/?page_id=99","title":{"rendered":"PS12"},"content":{"rendered":"\n<div class=\"wp-block-group alignfull has-global-padding is-layout-constrained wp-block-group-is-layout-constrained\" style=\"margin-top:0;margin-bottom:0;padding-top:var(--wp--preset--spacing--50);padding-bottom:var(--wp--preset--spacing--50)\">\n<div class=\"wp-block-columns alignwide is-layout-flex wp-container-core-columns-is-layout-47c06fe3 wp-block-columns-is-layout-flex\">\n<div class=\"wp-block-column is-layout-flow wp-block-column-is-layout-flow\" style=\"flex-basis:56%\">\n<figure class=\"wp-block-image size-full\"><img loading=\"lazy\" decoding=\"async\" width=\"899\" height=\"1537\" src=\"http:\/\/mecanix.com.tr\/wp-content\/uploads\/2025\/08\/ps12-11.jpeg\" alt=\"\" class=\"wp-image-21\" srcset=\"https:\/\/mecanix.com.tr\/wp-content\/uploads\/2025\/08\/ps12-11.jpeg 899w, https:\/\/mecanix.com.tr\/wp-content\/uploads\/2025\/08\/ps12-11-175x300.jpeg 175w, https:\/\/mecanix.com.tr\/wp-content\/uploads\/2025\/08\/ps12-11-599x1024.jpeg 599w, https:\/\/mecanix.com.tr\/wp-content\/uploads\/2025\/08\/ps12-11-768x1313.jpeg 768w\" sizes=\"auto, (max-width: 899px) 100vw, 899px\" \/><\/figure>\n<\/div>\n\n\n\n<div class=\"wp-block-column is-vertically-aligned-center is-layout-flow wp-container-core-column-is-layout-119bc444 wp-block-column-is-layout-flow\">\n<h2 class=\"wp-block-heading\"><\/h2>\n\n\n\n<p>PS12 500ML KAZAN KAPAS\u0130TEL\u0130 S\u0130R A\u011eDA MAK\u0130NES\u0130<\/p>\n<\/div>\n<\/div>\n\n\n\n<p>Mecanix PS12 A\u011fda Makinesi 500 gr; kapasiteli kal\u0131p ve konserve sir a\u011fda kullan\u0131m\u0131na uygun termostatl\u0131 \u0131s\u0131 ayar\u0131 led g\u00f6sterge profesyonel kullan\u0131ma uygun; ABS plastik g\u00f6vde metal kaplamal\u0131 tas\u0131 \u0131s\u0131t\u0131c\u0131: \u00e7ember rezistans 220v 100W<\/p>\n<\/div>\n\n\n\n<div class=\"wp-block-group alignfull has-global-padding is-layout-constrained wp-block-group-is-layout-constrained\" style=\"margin-top:0;margin-bottom:0;padding-top:var(--wp--preset--spacing--50);padding-bottom:var(--wp--preset--spacing--50)\">\n<div class=\"wp-block-group alignwide is-layout-grid wp-container-core-group-is-layout-21f393a4 wp-block-group-is-layout-grid\">\n<figure class=\"wp-block-image size-full\"><img loading=\"lazy\" decoding=\"async\" width=\"2453\" height=\"2160\" src=\"https:\/\/mecanix.com.tr\/wp-content\/uploads\/2025\/08\/PS12-6.jpg\" alt=\"\" class=\"wp-image-102\" style=\"object-fit:cover\" srcset=\"https:\/\/mecanix.com.tr\/wp-content\/uploads\/2025\/08\/PS12-6.jpg 2453w, https:\/\/mecanix.com.tr\/wp-content\/uploads\/2025\/08\/PS12-6-300x264.jpg 300w, https:\/\/mecanix.com.tr\/wp-content\/uploads\/2025\/08\/PS12-6-1024x902.jpg 1024w, https:\/\/mecanix.com.tr\/wp-content\/uploads\/2025\/08\/PS12-6-768x676.jpg 768w, https:\/\/mecanix.com.tr\/wp-content\/uploads\/2025\/08\/PS12-6-1536x1353.jpg 1536w, https:\/\/mecanix.com.tr\/wp-content\/uploads\/2025\/08\/PS12-6-2048x1803.jpg 2048w\" sizes=\"auto, (max-width: 2453px) 100vw, 2453px\" \/><\/figure>\n<\/div>\n<\/div>\n\n\n\n<p><strong>C\u0130HAZIN KULLANILMASI<\/strong><\/p>\n\n\n\n<p>Makinan\u0131n i\u00e7ine \u0131s\u0131t\u0131lacak sir malzemesini belirtilen max nokta \u00e7izgisini a\u015fmayacak \u015fekilde koyunuz.<\/p>\n\n\n\n<p>Makinan\u0131n fi\u015fini tak\u0131n\u0131z.<\/p>\n\n\n\n<p>Termostat d\u00fc\u011fmesini istedi\u011finiz s\u0131cakl\u0131\u011fa getiriniz<\/p>\n\n\n\n<p>Cihaz\u0131n\u0131z istedi\u011finiz s\u0131cakl\u0131\u011fa ula\u015ft\u0131\u011f\u0131nda termostat otomatik olarak devreyi kesecek, \u0131s\u0131 azald\u0131\u011f\u0131nda ise otomatik olarak devreye girecektir<\/p>\n\n\n\n<p>Makina ile i\u015finiz bitti\u011finde termostat d\u00fc\u011fmesini ilk ba\u015ftaki kapal\u0131 konumuna getiriniz fi\u015fi prizden \u00e7ekiniz.<\/p>\n\n\n\n<p>.<strong>Dikkat: Is\u0131nan sir malzemesini cildin hasas b\u00f6lgesine uygulamadan \u00f6nce s\u0131cakl\u0131\u011f\u0131 el yordam\u0131yla kontrol ediniz.<\/strong><\/p>\n\n\n\n<p><strong>TEKN\u0130K \u00d6ZELL\u0130KLER<\/strong><\/p>\n\n\n\n<p><strong>Model:&nbsp;&nbsp;&nbsp;&nbsp;&nbsp;&nbsp;&nbsp;&nbsp;&nbsp;&nbsp;&nbsp;&nbsp;&nbsp;&nbsp;&nbsp;&nbsp;&nbsp;&nbsp;&nbsp;&nbsp;&nbsp;&nbsp; :PS12<\/strong><\/p>\n\n\n\n<p><strong>G\u00fc\u00e7&nbsp;&nbsp;&nbsp;&nbsp;&nbsp;&nbsp;&nbsp;&nbsp;&nbsp;&nbsp;&nbsp;&nbsp;&nbsp;&nbsp;&nbsp;&nbsp;&nbsp;&nbsp;&nbsp;&nbsp;&nbsp;&nbsp;&nbsp;&nbsp;&nbsp;&nbsp;&nbsp;&nbsp; :100W 220V 50Hz<\/strong><\/p>\n","protected":false},"excerpt":{"rendered":"<p>PS12 500ML KAZAN KAPAS\u0130TEL\u0130 S\u0130R A\u011eDA MAK\u0130NES\u0130 Mecanix PS12 A\u011fda Makinesi 500 gr; kapasiteli kal\u0131p ve konserve sir a\u011fda kullan\u0131m\u0131na uygun termostatl\u0131 \u0131s\u0131 ayar\u0131 led g\u00f6sterge profesyonel kullan\u0131ma uygun; ABS plastik g\u00f6vde metal kaplamal\u0131 tas\u0131 \u0131s\u0131t\u0131c\u0131: \u00e7ember rezistans 220v 100W C\u0130HAZIN KULLANILMASI Makinan\u0131n i\u00e7ine \u0131s\u0131t\u0131lacak sir malzemesini belirtilen max nokta \u00e7izgisini a\u015fmayacak \u015fekilde koyunuz. Makinan\u0131n [&hellip;]<\/p>\n","protected":false},"author":1,"featured_media":0,"parent":0,"menu_order":0,"comment_status":"closed","ping_status":"closed","template":"","meta":{"footnotes":""},"class_list":["post-99","page","type-page","status-publish","hentry"],"_links":{"self":[{"href":"https:\/\/mecanix.com.tr\/index.php?rest_route=\/wp\/v2\/pages\/99","targetHints":{"allow":["GET"]}}],"collection":[{"href":"https:\/\/mecanix.com.tr\/index.php?rest_route=\/wp\/v2\/pages"}],"about":[{"href":"https:\/\/mecanix.com.tr\/index.php?rest_route=\/wp\/v2\/types\/page"}],"author":[{"embeddable":true,"href":"https:\/\/mecanix.com.tr\/index.php?rest_route=\/wp\/v2\/users\/1"}],"replies":[{"embeddable":true,"href":"https:\/\/mecanix.com.tr\/index.php?rest_route=%2Fwp%2Fv2%2Fcomments&post=99"}],"version-history":[{"count":2,"href":"https:\/\/mecanix.com.tr\/index.php?rest_route=\/wp\/v2\/pages\/99\/revisions"}],"predecessor-version":[{"id":120,"href":"https:\/\/mecanix.com.tr\/index.php?rest_route=\/wp\/v2\/pages\/99\/revisions\/120"}],"wp:attachment":[{"href":"https:\/\/mecanix.com.tr\/index.php?rest_route=%2Fwp%2Fv2%2Fmedia&parent=99"}],"curies":[{"name":"wp","href":"https:\/\/api.w.org\/{rel}","templated":true}]}}