{"id":93,"date":"2025-08-14T16:52:22","date_gmt":"2025-08-14T16:52:22","guid":{"rendered":"https:\/\/mecanix.com.tr\/?page_id=93"},"modified":"2025-08-14T17:26:03","modified_gmt":"2025-08-14T17:26:03","slug":"ps06","status":"publish","type":"page","link":"https:\/\/mecanix.com.tr\/?page_id=93","title":{"rendered":"PS06"},"content":{"rendered":"\n<div class=\"wp-block-group alignfull has-global-padding is-layout-constrained wp-block-group-is-layout-constrained\" style=\"margin-top:0;margin-bottom:0;padding-top:var(--wp--preset--spacing--50);padding-bottom:var(--wp--preset--spacing--50)\">\n<div class=\"wp-block-columns alignwide is-layout-flex wp-container-core-columns-is-layout-47c06fe3 wp-block-columns-is-layout-flex\">\n<div class=\"wp-block-column is-layout-flow wp-block-column-is-layout-flow\" style=\"flex-basis:56%\">\n<figure class=\"wp-block-image size-full\"><img loading=\"lazy\" decoding=\"async\" width=\"962\" height=\"872\" src=\"http:\/\/mecanix.com.tr\/wp-content\/uploads\/2025\/08\/ps06yesilzemin-2.jpg\" alt=\"\" class=\"wp-image-38\" srcset=\"https:\/\/mecanix.com.tr\/wp-content\/uploads\/2025\/08\/ps06yesilzemin-2.jpg 962w, https:\/\/mecanix.com.tr\/wp-content\/uploads\/2025\/08\/ps06yesilzemin-2-300x272.jpg 300w, https:\/\/mecanix.com.tr\/wp-content\/uploads\/2025\/08\/ps06yesilzemin-2-768x696.jpg 768w\" sizes=\"auto, (max-width: 962px) 100vw, 962px\" \/><\/figure>\n<\/div>\n\n\n\n<div class=\"wp-block-column is-vertically-aligned-center is-layout-flow wp-container-core-column-is-layout-119bc444 wp-block-column-is-layout-flow\">\n<h2 class=\"wp-block-heading\">PS06 500ML KAZAN KAPAS\u0130TEL\u0130  S\u0130R A\u011eDA MAK\u0130NES\u0130<\/h2>\n<\/div>\n<\/div>\n\n\n\n<p>Mecanix PS06 Sir a\u011fda makinesi Metal g\u00f6vde 500ml kapasite Konserve a\u011fda \u0131s\u0131tabilir Is\u0131 ayarl\u0131 On\/Off \u0131\u015f\u0131kl\u0131 anahtarl\u0131 <\/p>\n<\/div>\n\n\n\n<div class=\"wp-block-group alignfull has-global-padding is-layout-constrained wp-block-group-is-layout-constrained\" style=\"margin-top:0;margin-bottom:0;padding-top:var(--wp--preset--spacing--50);padding-bottom:var(--wp--preset--spacing--50)\">\n<div class=\"wp-block-group alignwide is-layout-grid wp-container-core-group-is-layout-21f393a4 wp-block-group-is-layout-grid\">\n<figure class=\"wp-block-image size-full\"><img loading=\"lazy\" decoding=\"async\" width=\"1398\" height=\"1112\" src=\"https:\/\/mecanix.com.tr\/wp-content\/uploads\/2025\/08\/PS06-MAVI.jpg\" alt=\"\" class=\"wp-image-95\" style=\"object-fit:cover\" srcset=\"https:\/\/mecanix.com.tr\/wp-content\/uploads\/2025\/08\/PS06-MAVI.jpg 1398w, https:\/\/mecanix.com.tr\/wp-content\/uploads\/2025\/08\/PS06-MAVI-300x239.jpg 300w, https:\/\/mecanix.com.tr\/wp-content\/uploads\/2025\/08\/PS06-MAVI-1024x815.jpg 1024w, https:\/\/mecanix.com.tr\/wp-content\/uploads\/2025\/08\/PS06-MAVI-768x611.jpg 768w\" sizes=\"auto, (max-width: 1398px) 100vw, 1398px\" \/><\/figure>\n\n\n\n<figure class=\"wp-block-image size-full\"><img loading=\"lazy\" decoding=\"async\" width=\"1286\" height=\"1104\" src=\"https:\/\/mecanix.com.tr\/wp-content\/uploads\/2025\/08\/ps06-7.jpg\" alt=\"\" class=\"wp-image-96\" style=\"object-fit:cover\" srcset=\"https:\/\/mecanix.com.tr\/wp-content\/uploads\/2025\/08\/ps06-7.jpg 1286w, https:\/\/mecanix.com.tr\/wp-content\/uploads\/2025\/08\/ps06-7-300x258.jpg 300w, https:\/\/mecanix.com.tr\/wp-content\/uploads\/2025\/08\/ps06-7-1024x879.jpg 1024w, https:\/\/mecanix.com.tr\/wp-content\/uploads\/2025\/08\/ps06-7-768x659.jpg 768w\" sizes=\"auto, (max-width: 1286px) 100vw, 1286px\" \/><\/figure>\n<\/div>\n\n\n\n<p><strong>C\u0130HAZIN KULLANILMASI<\/strong><\/p>\n\n\n\n<p>Makinan\u0131n i\u00e7ine \u0131s\u0131t\u0131lacak sir malzemesini belirtilen max nokta \u00e7izgisini a\u015fmayacak \u015fekilde koyunuz.<\/p>\n\n\n\n<p>Makinan\u0131n fi\u015fini tak\u0131n\u0131z.<\/p>\n\n\n\n<p>Termostat d\u00fc\u011fmesini istedi\u011finiz s\u0131cakl\u0131\u011fa getiriniz<\/p>\n\n\n\n<p>Cihaz\u0131n\u0131z istedi\u011finiz s\u0131cakl\u0131\u011fa ula\u015ft\u0131\u011f\u0131nda termostat otomatik olarak devreyi kesecek, \u0131s\u0131 azald\u0131\u011f\u0131nda ise otomatik olarak devreye girecektir<\/p>\n\n\n\n<p>Makina ile i\u015finiz bitti\u011finde termostat d\u00fc\u011fmesini ilk ba\u015ftaki kapal\u0131 konumuna getiriniz fi\u015fi prizden \u00e7ekiniz.<\/p>\n\n\n\n<p>.<strong>Dikkat: Is\u0131nan sir malzemesini cildin hasas b\u00f6lgesine uygulamadan \u00f6nce s\u0131cakl\u0131\u011f\u0131 el yordam\u0131yla kontrol ediniz.<\/strong><\/p>\n\n\n\n<p><strong>TEKN\u0130K \u00d6ZELL\u0130KLER<\/strong><\/p>\n\n\n\n<p><strong>Model:&nbsp;&nbsp;&nbsp;&nbsp;&nbsp;&nbsp;&nbsp;&nbsp;&nbsp;&nbsp;&nbsp;&nbsp;&nbsp;&nbsp;&nbsp;&nbsp;&nbsp;&nbsp;&nbsp;&nbsp;&nbsp;&nbsp; :PS06<\/strong><\/p>\n\n\n\n<p><strong>G\u00fc\u00e7&nbsp;&nbsp;&nbsp;&nbsp;&nbsp;&nbsp;&nbsp;&nbsp;&nbsp;&nbsp;&nbsp;&nbsp;&nbsp;&nbsp;&nbsp;&nbsp;&nbsp;&nbsp;&nbsp;&nbsp;&nbsp;&nbsp;&nbsp;&nbsp;&nbsp;&nbsp;&nbsp;&nbsp; :100W 220V 50Hz<\/strong><\/p>\n<\/div>\n","protected":false},"excerpt":{"rendered":"<p>PS06 500ML KAZAN KAPAS\u0130TEL\u0130 S\u0130R A\u011eDA MAK\u0130NES\u0130 Mecanix PS06 Sir a\u011fda makinesi Metal g\u00f6vde 500ml kapasite Konserve a\u011fda \u0131s\u0131tabilir Is\u0131 ayarl\u0131 On\/Off \u0131\u015f\u0131kl\u0131 anahtarl\u0131 C\u0130HAZIN KULLANILMASI Makinan\u0131n i\u00e7ine \u0131s\u0131t\u0131lacak sir malzemesini belirtilen max nokta \u00e7izgisini a\u015fmayacak \u015fekilde koyunuz. Makinan\u0131n fi\u015fini tak\u0131n\u0131z. Termostat d\u00fc\u011fmesini istedi\u011finiz s\u0131cakl\u0131\u011fa getiriniz Cihaz\u0131n\u0131z istedi\u011finiz s\u0131cakl\u0131\u011fa ula\u015ft\u0131\u011f\u0131nda termostat otomatik olarak devreyi kesecek, [&hellip;]<\/p>\n","protected":false},"author":1,"featured_media":0,"parent":0,"menu_order":0,"comment_status":"closed","ping_status":"closed","template":"","meta":{"footnotes":""},"class_list":["post-93","page","type-page","status-publish","hentry"],"_links":{"self":[{"href":"https:\/\/mecanix.com.tr\/index.php?rest_route=\/wp\/v2\/pages\/93","targetHints":{"allow":["GET"]}}],"collection":[{"href":"https:\/\/mecanix.com.tr\/index.php?rest_route=\/wp\/v2\/pages"}],"about":[{"href":"https:\/\/mecanix.com.tr\/index.php?rest_route=\/wp\/v2\/types\/page"}],"author":[{"embeddable":true,"href":"https:\/\/mecanix.com.tr\/index.php?rest_route=\/wp\/v2\/users\/1"}],"replies":[{"embeddable":true,"href":"https:\/\/mecanix.com.tr\/index.php?rest_route=%2Fwp%2Fv2%2Fcomments&post=93"}],"version-history":[{"count":3,"href":"https:\/\/mecanix.com.tr\/index.php?rest_route=\/wp\/v2\/pages\/93\/revisions"}],"predecessor-version":[{"id":116,"href":"https:\/\/mecanix.com.tr\/index.php?rest_route=\/wp\/v2\/pages\/93\/revisions\/116"}],"wp:attachment":[{"href":"https:\/\/mecanix.com.tr\/index.php?rest_route=%2Fwp%2Fv2%2Fmedia&parent=93"}],"curies":[{"name":"wp","href":"https:\/\/api.w.org\/{rel}","templated":true}]}}