{"id":77,"date":"2025-08-14T16:32:08","date_gmt":"2025-08-14T16:32:08","guid":{"rendered":"https:\/\/mecanix.com.tr\/?page_id=77"},"modified":"2025-08-14T17:18:07","modified_gmt":"2025-08-14T17:18:07","slug":"ps09","status":"publish","type":"page","link":"https:\/\/mecanix.com.tr\/?page_id=77","title":{"rendered":"PS09"},"content":{"rendered":"\n<div class=\"wp-block-group alignfull has-global-padding is-layout-constrained wp-block-group-is-layout-constrained\" style=\"margin-top:0;margin-bottom:0;padding-top:var(--wp--preset--spacing--50);padding-bottom:var(--wp--preset--spacing--50)\">\n<div class=\"wp-block-columns alignwide is-layout-flex wp-container-core-columns-is-layout-47c06fe3 wp-block-columns-is-layout-flex\">\n<div class=\"wp-block-column is-layout-flow wp-block-column-is-layout-flow\" style=\"flex-basis:56%\">\n<figure class=\"wp-block-image size-full\"><img loading=\"lazy\" decoding=\"async\" width=\"1080\" height=\"1080\" src=\"http:\/\/mecanix.com.tr\/wp-content\/uploads\/2025\/08\/ps09inst-1.jpg\" alt=\"\" class=\"wp-image-35\" srcset=\"https:\/\/mecanix.com.tr\/wp-content\/uploads\/2025\/08\/ps09inst-1.jpg 1080w, https:\/\/mecanix.com.tr\/wp-content\/uploads\/2025\/08\/ps09inst-1-300x300.jpg 300w, https:\/\/mecanix.com.tr\/wp-content\/uploads\/2025\/08\/ps09inst-1-1024x1024.jpg 1024w, https:\/\/mecanix.com.tr\/wp-content\/uploads\/2025\/08\/ps09inst-1-150x150.jpg 150w, https:\/\/mecanix.com.tr\/wp-content\/uploads\/2025\/08\/ps09inst-1-768x768.jpg 768w\" sizes=\"auto, (max-width: 1080px) 100vw, 1080px\" \/><\/figure>\n<\/div>\n\n\n\n<div class=\"wp-block-column is-vertically-aligned-center is-layout-flow wp-container-core-column-is-layout-119bc444 wp-block-column-is-layout-flow\">\n<h2 class=\"wp-block-heading\"><\/h2>\n\n\n\n<p>PS09 1 KAZAN +3 KARTU\u015e ISITICILI KOMB\u0130NE S\u0130R A\u011eDA MAK\u0130NES\u0130<\/p>\n<\/div>\n<\/div>\n\n\n\n<p>Pratik kullan\u0131m i\u00e7in tasarlanm\u0131\u015f kartu\u015f formunda, kolay ve h\u0131zl\u0131 bir \u015fekilde a\u011fda uygulamas\u0131 sa\u011flar; T\u00fcm cilt tiplerine uygun form\u00fcl\u00fcyle herkesin g\u00fcvenle kullanabilece\u011fi bir a\u011fda deneyimi sunar; A\u011fda \u0131s\u0131t\u0131c\u0131 \u00f6zelli\u011fi sayesinde istenilen k\u0131vam\u0131 kolayca elde edebilir ve etkili epilasyon sonu\u00e7lar\u0131 elde edebilirsiniz;<\/p>\n<\/div>\n\n\n\n<div class=\"wp-block-group alignfull has-global-padding is-layout-constrained wp-block-group-is-layout-constrained\" style=\"margin-top:0;margin-bottom:0;padding-top:var(--wp--preset--spacing--50);padding-bottom:var(--wp--preset--spacing--50)\">\n<div class=\"wp-block-group alignwide is-layout-grid wp-container-core-group-is-layout-21f393a4 wp-block-group-is-layout-grid\">\n<figure class=\"wp-block-image size-full\"><img loading=\"lazy\" decoding=\"async\" width=\"2560\" height=\"1707\" src=\"https:\/\/mecanix.com.tr\/wp-content\/uploads\/2025\/08\/uclu-on-scaled.jpg\" alt=\"\" class=\"wp-image-80\" style=\"aspect-ratio:1;object-fit:cover\" srcset=\"https:\/\/mecanix.com.tr\/wp-content\/uploads\/2025\/08\/uclu-on-scaled.jpg 2560w, https:\/\/mecanix.com.tr\/wp-content\/uploads\/2025\/08\/uclu-on-300x200.jpg 300w, https:\/\/mecanix.com.tr\/wp-content\/uploads\/2025\/08\/uclu-on-1024x683.jpg 1024w, https:\/\/mecanix.com.tr\/wp-content\/uploads\/2025\/08\/uclu-on-768x512.jpg 768w, https:\/\/mecanix.com.tr\/wp-content\/uploads\/2025\/08\/uclu-on-1536x1024.jpg 1536w, https:\/\/mecanix.com.tr\/wp-content\/uploads\/2025\/08\/uclu-on-2048x1365.jpg 2048w\" sizes=\"auto, (max-width: 2560px) 100vw, 2560px\" \/><\/figure>\n\n\n\n<figure class=\"wp-block-image size-full\"><img loading=\"lazy\" decoding=\"async\" width=\"2560\" height=\"1707\" src=\"https:\/\/mecanix.com.tr\/wp-content\/uploads\/2025\/08\/uclu-arka-scaled.jpg\" alt=\"\" class=\"wp-image-81\" style=\"aspect-ratio:1;object-fit:cover\" srcset=\"https:\/\/mecanix.com.tr\/wp-content\/uploads\/2025\/08\/uclu-arka-scaled.jpg 2560w, https:\/\/mecanix.com.tr\/wp-content\/uploads\/2025\/08\/uclu-arka-300x200.jpg 300w, https:\/\/mecanix.com.tr\/wp-content\/uploads\/2025\/08\/uclu-arka-1024x683.jpg 1024w, https:\/\/mecanix.com.tr\/wp-content\/uploads\/2025\/08\/uclu-arka-768x512.jpg 768w, https:\/\/mecanix.com.tr\/wp-content\/uploads\/2025\/08\/uclu-arka-1536x1024.jpg 1536w, https:\/\/mecanix.com.tr\/wp-content\/uploads\/2025\/08\/uclu-arka-2048x1365.jpg 2048w\" sizes=\"auto, (max-width: 2560px) 100vw, 2560px\" \/><\/figure>\n\n\n\n<figure class=\"wp-block-image size-full\"><img loading=\"lazy\" decoding=\"async\" width=\"2560\" height=\"768\" src=\"https:\/\/mecanix.com.tr\/wp-content\/uploads\/2025\/08\/DEVRE-2-scaled.jpg\" alt=\"\" class=\"wp-image-82\" style=\"object-fit:cover\" srcset=\"https:\/\/mecanix.com.tr\/wp-content\/uploads\/2025\/08\/DEVRE-2-scaled.jpg 2560w, https:\/\/mecanix.com.tr\/wp-content\/uploads\/2025\/08\/DEVRE-2-300x90.jpg 300w, https:\/\/mecanix.com.tr\/wp-content\/uploads\/2025\/08\/DEVRE-2-1024x307.jpg 1024w, https:\/\/mecanix.com.tr\/wp-content\/uploads\/2025\/08\/DEVRE-2-768x230.jpg 768w, https:\/\/mecanix.com.tr\/wp-content\/uploads\/2025\/08\/DEVRE-2-1536x461.jpg 1536w, https:\/\/mecanix.com.tr\/wp-content\/uploads\/2025\/08\/DEVRE-2-2048x614.jpg 2048w\" sizes=\"auto, (max-width: 2560px) 100vw, 2560px\" \/><\/figure>\n\n\n\n<figure class=\"wp-block-image size-full\"><img loading=\"lazy\" decoding=\"async\" width=\"2560\" height=\"1236\" src=\"http:\/\/mecanix.com.tr\/wp-content\/uploads\/2025\/08\/kap1-1-scaled.jpg\" alt=\"\" class=\"wp-image-70\" style=\"object-fit:cover\" srcset=\"https:\/\/mecanix.com.tr\/wp-content\/uploads\/2025\/08\/kap1-1-scaled.jpg 2560w, https:\/\/mecanix.com.tr\/wp-content\/uploads\/2025\/08\/kap1-1-300x145.jpg 300w, https:\/\/mecanix.com.tr\/wp-content\/uploads\/2025\/08\/kap1-1-1024x494.jpg 1024w, https:\/\/mecanix.com.tr\/wp-content\/uploads\/2025\/08\/kap1-1-768x371.jpg 768w, https:\/\/mecanix.com.tr\/wp-content\/uploads\/2025\/08\/kap1-1-1536x742.jpg 1536w, https:\/\/mecanix.com.tr\/wp-content\/uploads\/2025\/08\/kap1-1-2048x989.jpg 2048w\" sizes=\"auto, (max-width: 2560px) 100vw, 2560px\" \/><\/figure>\n<\/div>\n<\/div>\n\n\n\n<p><strong>C\u0130HAZIN KULLANILMASI<\/strong><\/p>\n\n\n\n<p>Makinay\u0131 \u00e7al\u0131\u015ft\u0131rmadan \u00f6nce g\u00fcvenlik \u00f6nlemleri b\u00f6l\u00fcm\u00fcndeki uyar\u0131lar\u0131n yerine getirildi\u011finden emin olunuz.<\/p>\n\n\n\n<p>Makinan\u0131n i\u00e7ine \u0131s\u0131t\u0131lacak sir malzemesini belirtilen max nokta \u00e7izgisini a\u015fmayacak \u015fekilde ve kartu\u015f b\u00f6l\u00fcm\u00fcne de kartu\u015f sir a\u011fday\u0131 koyunuz.<\/p>\n\n\n\n<p>Makinan\u0131n fi\u015fini tak\u0131n\u0131z. Makinan\u0131n a\u00e7ma kapama anahtarlar\u0131 ile makineyi \u00e7al\u0131\u015ft\u0131r\u0131n\u0131z.<\/p>\n\n\n\n<p>Termostat d\u00fc\u011fmeleri ile kazan ve kartu\u015f b\u00f6l\u00fcmlerinin s\u0131cakl\u0131klar\u0131n\u0131 ayarlayabilirsiniz.<\/p>\n\n\n\n<p>Cihaz\u0131n\u0131z istedi\u011finiz s\u0131cakl\u0131\u011fa ula\u015ft\u0131\u011f\u0131nda termostat otomatik olarak devreyi kesecek, \u0131s\u0131 azald\u0131\u011f\u0131nda ise otomatik olarak devreye girecektir.<\/p>\n\n\n\n<p>Makina ile i\u015finiz bitti\u011finde termostat d\u00fc\u011fmesini ilk ba\u015ftaki kapal\u0131 konumuna getiriniz anahtarlar\u0131 kapal\u0131 konuma getiriniz ve fi\u015fi prizden \u00e7ekiniz.<\/p>\n\n\n\n<p><strong>MAK\u0130NANIN BAKIMI<\/strong><\/p>\n\n\n\n<p>Makinan\u0131z\u0131n bak\u0131m\u0131 veya temizli\u011fi i\u00e7in, makinan\u0131z\u0131 \u00f6ncelikle hafif \u0131s\u0131t\u0131n\u0131z.<\/p>\n\n\n\n<p>Makina \u0131s\u0131nd\u0131ktan sonra fi\u015fi prizden \u00e7ekiniz.<\/p>\n\n\n\n<p>Temiz bir beze makine temizleme ya\u011f\u0131n\u0131 d\u00f6kerek makinan\u0131z\u0131n kirlenen yerlerini temizleyebilirsiniz.<\/p>\n\n\n\n<p>Uyar\u0131: makinan\u0131z\u0131n \u00f6mr\u00fcn\u00fcn uzun olmas\u0131 i\u00e7in termostat d\u00fc\u011fmesini her \u00e7al\u0131\u015ft\u0131rmada mutlaka ayarlay\u0131n\u0131z.<strong>&nbsp;&nbsp;&nbsp;<\/strong><\/p>\n\n\n\n<p><strong>Cihazlar\u0131m\u0131z\u0131n ekonomik \u00f6mr\u00fc 7 y\u0131ld\u0131r.&nbsp;&nbsp;&nbsp;&nbsp;&nbsp;&nbsp;&nbsp;&nbsp;&nbsp;&nbsp;&nbsp;&nbsp;&nbsp;&nbsp;<\/strong><\/p>\n\n\n\n<p><strong>&nbsp;&nbsp;&nbsp;&nbsp;&nbsp;&nbsp;&nbsp; TA\u015eIMA VE NAKL\u0130YE<\/strong><\/p>\n\n\n\n<p>\u00dcr\u00fcn\u00fcm\u00fcz korumal\u0131 karton koli i\u00e7erisinde ta\u015f\u0131nmakta ve m\u00fc\u015fteriye bu \u015fekilde teslim edilmektedir.<\/p>\n\n\n\n<p>Ambalaj a\u00e7\u0131ld\u0131\u011f\u0131nda k\u0131r\u0131k, \u00e7izik, hatal\u0131 veya kullan\u0131lamaz haldeki \u00fcr\u00fcnler i\u00e7in firmam\u0131z veya yetkili servislerimizle irtibata ge\u00e7ilmesi gerekmektedir.<\/p>\n\n\n\n<p><strong>&nbsp;&nbsp;&nbsp;&nbsp;&nbsp;&nbsp;&nbsp;&nbsp; KULLANIM HATALARI<\/strong><\/p>\n\n\n\n<p>\u00dcr\u00fcn\u00fcm\u00fcz \u00fcretim hatalar\u0131nda do\u011fan her t\u00fcrl\u00fc hatalar\u0131 firmam\u0131z garantisi alt\u0131ndad\u0131r.<\/p>\n\n\n\n<p>Kullan\u0131c\u0131 hatalar\u0131nda do\u011fan ar\u0131zalar kullan\u0131c\u0131 taraf\u0131ndan kar\u015f\u0131lan\u0131r. Garanti s\u00fcresi onar\u0131mdan sonra devam eder.<\/p>\n\n\n\n<p><strong>BAKIM, ONARIM, \u00dcR\u00dcN TEM\u0130ZL\u0130\u011e\u0130&nbsp; VE PER\u0130YOD\u0130K&nbsp; BAKIM B\u0130LG\u0130LER\u0130<\/strong><\/p>\n\n\n\n<p>Sat\u0131\u015f tarihinden itibaren 30 g\u00fcn i\u00e7inde ar\u0131zalanan \u00fcr\u00fcnler yenisi ile de\u011fi\u015ftirilir. Sat\u0131\u015f tarihinden itibaren 30 g\u00fcnden fazla s\u00fcrede ar\u0131zalanan \u00fcr\u00fcnlerin onar\u0131m\u0131 \u00fccretsiz yap\u0131l\u0131r.<\/p>\n\n\n\n<p>Ar\u0131zalanan \u00fcr\u00fcnler i\u00e7in sat\u0131c\u0131 firma veya \u00fcretici firma ile irtibata ge\u00e7iniz.<\/p>\n\n\n\n<p>Yetkili servis d\u0131\u015f\u0131ndaki m\u00fcdahaleler \u00fcr\u00fcn\u00fcn garanti kapsam\u0131 d\u0131\u015f\u0131nda b\u0131rak\u0131r.<\/p>\n\n\n\n<p>Ar\u0131za durumlar\u0131nda yaln\u0131zca anla\u015fmal\u0131 oldu\u011fumuz kargolar ile g\u00f6nderilen \u00fcr\u00fcnlerin kabul\u00fc yap\u0131lacakt\u0131r. Onar\u0131m sonunda kargo \u00fccreti sat\u0131c\u0131 firma yada \u00fcretici firma taraf\u0131ndan kar\u015f\u0131lan\u0131r.<\/p>\n\n\n\n<p>Besleme kordonu hasarlan\u0131rsa, bu kordon, tehlikeli bir duruma engel olmak i\u00e7in, imalat\u00e7\u0131s\u0131 veya onun servis acentesi ya da ayn\u0131 derecede ehil bir personel taraf\u0131ndan de\u011fi\u015ftirilmelidir.<\/p>\n\n\n\n<p>&nbsp;&nbsp;&nbsp;&nbsp;&nbsp;&nbsp;&nbsp;&nbsp;&nbsp;&nbsp;&nbsp;&nbsp; <strong>MONTAJ B\u0130LG\u0130LER\u0130<\/strong><\/p>\n\n\n\n<p>\u00dcr\u00fcn\u00fcm\u00fcz ambalaj\u0131ndan montaj edilmi\u015f olarak \u00e7\u0131kmaktad\u0131r. Herhangi bir montaj i\u015flemine gerek bulunmamaktad\u0131r.<strong><\/strong><\/p>\n","protected":false},"excerpt":{"rendered":"<p>PS09 1 KAZAN +3 KARTU\u015e ISITICILI KOMB\u0130NE S\u0130R A\u011eDA MAK\u0130NES\u0130 Pratik kullan\u0131m i\u00e7in tasarlanm\u0131\u015f kartu\u015f formunda, kolay ve h\u0131zl\u0131 bir \u015fekilde a\u011fda uygulamas\u0131 sa\u011flar; T\u00fcm cilt tiplerine uygun form\u00fcl\u00fcyle herkesin g\u00fcvenle kullanabilece\u011fi bir a\u011fda deneyimi sunar; A\u011fda \u0131s\u0131t\u0131c\u0131 \u00f6zelli\u011fi sayesinde istenilen k\u0131vam\u0131 kolayca elde edebilir ve etkili epilasyon sonu\u00e7lar\u0131 elde edebilirsiniz; C\u0130HAZIN KULLANILMASI Makinay\u0131 \u00e7al\u0131\u015ft\u0131rmadan [&hellip;]<\/p>\n","protected":false},"author":1,"featured_media":0,"parent":0,"menu_order":0,"comment_status":"closed","ping_status":"closed","template":"","meta":{"footnotes":""},"class_list":["post-77","page","type-page","status-publish","hentry"],"_links":{"self":[{"href":"https:\/\/mecanix.com.tr\/index.php?rest_route=\/wp\/v2\/pages\/77","targetHints":{"allow":["GET"]}}],"collection":[{"href":"https:\/\/mecanix.com.tr\/index.php?rest_route=\/wp\/v2\/pages"}],"about":[{"href":"https:\/\/mecanix.com.tr\/index.php?rest_route=\/wp\/v2\/types\/page"}],"author":[{"embeddable":true,"href":"https:\/\/mecanix.com.tr\/index.php?rest_route=\/wp\/v2\/users\/1"}],"replies":[{"embeddable":true,"href":"https:\/\/mecanix.com.tr\/index.php?rest_route=%2Fwp%2Fv2%2Fcomments&post=77"}],"version-history":[{"count":2,"href":"https:\/\/mecanix.com.tr\/index.php?rest_route=\/wp\/v2\/pages\/77\/revisions"}],"predecessor-version":[{"id":110,"href":"https:\/\/mecanix.com.tr\/index.php?rest_route=\/wp\/v2\/pages\/77\/revisions\/110"}],"wp:attachment":[{"href":"https:\/\/mecanix.com.tr\/index.php?rest_route=%2Fwp%2Fv2%2Fmedia&parent=77"}],"curies":[{"name":"wp","href":"https:\/\/api.w.org\/{rel}","templated":true}]}}