{"id":153,"date":"2025-09-10T16:17:41","date_gmt":"2025-09-10T16:17:41","guid":{"rendered":"https:\/\/mecanix.com.tr\/?page_id=153"},"modified":"2025-09-10T16:17:41","modified_gmt":"2025-09-10T16:17:41","slug":"3510-2","status":"publish","type":"page","link":"https:\/\/mecanix.com.tr\/?page_id=153","title":{"rendered":"3510"},"content":{"rendered":"\n<div class=\"wp-block-group alignfull has-global-padding is-layout-constrained wp-block-group-is-layout-constrained\" style=\"margin-top:0;margin-bottom:0;padding-top:var(--wp--preset--spacing--50);padding-bottom:var(--wp--preset--spacing--50)\">\n<div class=\"wp-block-columns alignwide is-layout-flex wp-container-core-columns-is-layout-47c06fe3 wp-block-columns-is-layout-flex\">\n<div class=\"wp-block-column is-layout-flow wp-block-column-is-layout-flow\" style=\"flex-basis:56%\">\n<figure class=\"wp-block-image size-full\"><img loading=\"lazy\" decoding=\"async\" width=\"1080\" height=\"1080\" src=\"https:\/\/mecanix.com.tr\/wp-content\/uploads\/2025\/09\/Yellow-Warm-and-Delicate-Candles-Product-Features-Instagram-Post.jpg\" alt=\"\" class=\"wp-image-161\" style=\"aspect-ratio:1;object-fit:cover\" srcset=\"https:\/\/mecanix.com.tr\/wp-content\/uploads\/2025\/09\/Yellow-Warm-and-Delicate-Candles-Product-Features-Instagram-Post.jpg 1080w, https:\/\/mecanix.com.tr\/wp-content\/uploads\/2025\/09\/Yellow-Warm-and-Delicate-Candles-Product-Features-Instagram-Post-300x300.jpg 300w, https:\/\/mecanix.com.tr\/wp-content\/uploads\/2025\/09\/Yellow-Warm-and-Delicate-Candles-Product-Features-Instagram-Post-1024x1024.jpg 1024w, https:\/\/mecanix.com.tr\/wp-content\/uploads\/2025\/09\/Yellow-Warm-and-Delicate-Candles-Product-Features-Instagram-Post-150x150.jpg 150w, https:\/\/mecanix.com.tr\/wp-content\/uploads\/2025\/09\/Yellow-Warm-and-Delicate-Candles-Product-Features-Instagram-Post-768x768.jpg 768w\" sizes=\"auto, (max-width: 1080px) 100vw, 1080px\" \/><\/figure>\n<\/div>\n\n\n\n<div class=\"wp-block-column is-vertically-aligned-center is-layout-flow wp-container-core-column-is-layout-119bc444 wp-block-column-is-layout-flow\">\n<h2 class=\"wp-block-heading\">3510 SEYAHAT T\u0130P\u0130 SA\u00c7 KURUTMA MAK\u0130NES\u0130<\/h2>\n<\/div>\n<\/div>\n\n\n\n<p>Sa\u00e7lar\u0131n\u0131z\u0131 h\u0131zl\u0131 ve etkili \u015fekilde kurutabilmenizi sa\u011flayan Hairtime Travel Mini Sa\u00e7 kurutma makinesi, kullan\u0131\u015fl\u0131 ve pratik tasar\u0131m\u0131 ile hem evde hemde seyahat veya tatillerde rahat kullan\u0131m olana\u011f\u0131 sunuyor; 2 ayr\u0131 h\u0131z kademesi bulunan Hairtime Travel Mini Sa\u00e7 kurutma makinesi, sa\u00e7 tellerini ve dokusunu y\u0131pratmadan kurutuyor; Banyo , du\u015f sonras\u0131 sa\u00e7taki \u0131slakl\u0131\u011f\u0131 veya nemi \u00fcst\u00fcn f\u00f6nleme kapasitesi ile k\u0131sa s\u00fcrede kurutan \u00fcr\u00fcn\u00fcn \u00f6zel kurutma ba\u015fl\u0131\u011f\u0131 bulunuyor; 1000 wattl\u0131k g\u00fcc\u00fc sayesinde y\u00fcksek performansl\u0131 bir sa\u00e7 kurutma makinesi \u00f6zelli\u011fine sahiptir; Hava filtre fonksiyonu da bulunan \u00fcr\u00fcn, ergonomik sap dizayn\u0131 sayesinde rahat kavrama imkan\u0131 sunarken, el ve parmaklar\u0131n yorulmadan tutabilmesini sa\u011fl\u0131yor; K\u00fc\u00e7\u00fck dizayn\u0131 sayesinde heryerde yan\u0131n\u0131zda bulundurabilece\u011finiz bir \u00fcr\u00fcnd\u00fcr;<\/p>\n<\/div>\n\n\n\n<div class=\"wp-block-group alignfull has-global-padding is-layout-constrained wp-block-group-is-layout-constrained\" style=\"margin-top:0;margin-bottom:0;padding-top:var(--wp--preset--spacing--50);padding-bottom:var(--wp--preset--spacing--50)\">\n<div class=\"wp-block-group alignwide is-layout-grid wp-container-core-group-is-layout-21f393a4 wp-block-group-is-layout-grid\">\n<figure class=\"wp-block-image size-full\"><img loading=\"lazy\" decoding=\"async\" width=\"715\" height=\"911\" src=\"https:\/\/mecanix.com.tr\/wp-content\/uploads\/2025\/09\/3510KIRMIZI-3.jpg\" alt=\"\" class=\"wp-image-156\" style=\"aspect-ratio:3\/4;object-fit:cover\" srcset=\"https:\/\/mecanix.com.tr\/wp-content\/uploads\/2025\/09\/3510KIRMIZI-3.jpg 715w, https:\/\/mecanix.com.tr\/wp-content\/uploads\/2025\/09\/3510KIRMIZI-3-235x300.jpg 235w\" sizes=\"auto, (max-width: 715px) 100vw, 715px\" \/><\/figure>\n\n\n\n<figure class=\"wp-block-image size-full\"><img loading=\"lazy\" decoding=\"async\" width=\"983\" height=\"1175\" src=\"https:\/\/mecanix.com.tr\/wp-content\/uploads\/2025\/09\/3510YESIL-3.jpg\" alt=\"\" class=\"wp-image-157\" style=\"aspect-ratio:3\/4;object-fit:cover\" srcset=\"https:\/\/mecanix.com.tr\/wp-content\/uploads\/2025\/09\/3510YESIL-3.jpg 983w, https:\/\/mecanix.com.tr\/wp-content\/uploads\/2025\/09\/3510YESIL-3-251x300.jpg 251w, https:\/\/mecanix.com.tr\/wp-content\/uploads\/2025\/09\/3510YESIL-3-857x1024.jpg 857w, https:\/\/mecanix.com.tr\/wp-content\/uploads\/2025\/09\/3510YESIL-3-768x918.jpg 768w\" sizes=\"auto, (max-width: 983px) 100vw, 983px\" \/><\/figure>\n\n\n\n<figure class=\"wp-block-image size-full\"><img loading=\"lazy\" decoding=\"async\" width=\"368\" height=\"432\" src=\"https:\/\/mecanix.com.tr\/wp-content\/uploads\/2025\/09\/3510KIRMIZI.jpg\" alt=\"\" class=\"wp-image-159\" style=\"aspect-ratio:1;object-fit:cover\" srcset=\"https:\/\/mecanix.com.tr\/wp-content\/uploads\/2025\/09\/3510KIRMIZI.jpg 368w, https:\/\/mecanix.com.tr\/wp-content\/uploads\/2025\/09\/3510KIRMIZI-256x300.jpg 256w\" sizes=\"auto, (max-width: 368px) 100vw, 368px\" \/><\/figure>\n\n\n\n<figure class=\"wp-block-image size-full\"><img loading=\"lazy\" decoding=\"async\" width=\"374\" height=\"429\" src=\"https:\/\/mecanix.com.tr\/wp-content\/uploads\/2025\/09\/3510.01.08.2024.jpg\" alt=\"\" class=\"wp-image-160\" style=\"aspect-ratio:1;object-fit:cover\" srcset=\"https:\/\/mecanix.com.tr\/wp-content\/uploads\/2025\/09\/3510.01.08.2024.jpg 374w, https:\/\/mecanix.com.tr\/wp-content\/uploads\/2025\/09\/3510.01.08.2024-262x300.jpg 262w\" sizes=\"auto, (max-width: 374px) 100vw, 374px\" \/><\/figure>\n\n\n\n<figure class=\"wp-block-image size-full wp-container-content-79286276\"><img loading=\"lazy\" decoding=\"async\" width=\"550\" height=\"873\" src=\"https:\/\/mecanix.com.tr\/wp-content\/uploads\/2025\/09\/3510-bannercanv.jpg\" alt=\"\" class=\"wp-image-162\" style=\"aspect-ratio:2\/3;object-fit:cover\" srcset=\"https:\/\/mecanix.com.tr\/wp-content\/uploads\/2025\/09\/3510-bannercanv.jpg 550w, https:\/\/mecanix.com.tr\/wp-content\/uploads\/2025\/09\/3510-bannercanv-189x300.jpg 189w\" sizes=\"auto, (max-width: 550px) 100vw, 550px\" \/><\/figure>\n<\/div>\n<\/div>\n\n\n\n<p><strong>C\u0130HAZIN KULLANILMASI<\/strong><\/p>\n\n\n\n<p>Cihaz\u0131n devir d\u00fc\u011fmesini 0 konumuna getirdikten sonra cihaz\u0131n fi\u015fini prize sokun.<\/p>\n\n\n\n<p>Cihaz\u0131n devir d\u00fc\u011fmesini 1 veya 2 konumuna getirerek istenilen motor devrine ula\u015f\u0131n.<\/p>\n\n\n\n<p>Cihaz\u0131 kulland\u0131ktan sonra d\u00fc\u011fmelerini 0 konumuna getirin.<\/p>\n\n\n\n<p>Sat\u0131\u015f tarihinden itibaren 30 g\u00fcn i\u00e7inde ar\u0131zalanan \u00fcr\u00fcnler yenisi ile de\u011fi\u015ftirilir. Sat\u0131\u015f tarihinden itibaren 30 g\u00fcnden fazla s\u00fcrede ar\u0131zalanan \u00fcr\u00fcnlerin onar\u0131m\u0131 \u00fccretsiz yap\u0131l\u0131r.<\/p>\n\n\n\n<p>Ar\u0131zalanan \u00fcr\u00fcnler i\u00e7in sat\u0131c\u0131 firma veya \u00fcretici firma ile irtibata ge\u00e7iniz.<\/p>\n\n\n\n<p>Yetkili servis d\u0131\u015f\u0131ndaki m\u00fcdahaleler \u00fcr\u00fcn\u00fcn garanti kapsam\u0131 d\u0131\u015f\u0131nda b\u0131rak\u0131r.<\/p>\n\n\n\n<p>Ar\u0131za durumlar\u0131nda yaln\u0131zca anla\u015fmal\u0131 oldu\u011fumuz kargolar ile g\u00f6nderilen \u00fcr\u00fcnlerin kabul\u00fc yap\u0131lacakt\u0131r. Onar\u0131m sonunda kargo \u00fccreti sat\u0131c\u0131 firma yada \u00fcretici firma taraf\u0131ndan kar\u015f\u0131lan\u0131r.<\/p>\n\n\n\n<p>Cihaz\u0131n filtresini s\u0131k s\u0131k temizleyiniz.<\/p>\n","protected":false},"excerpt":{"rendered":"<p>3510 SEYAHAT T\u0130P\u0130 SA\u00c7 KURUTMA MAK\u0130NES\u0130 Sa\u00e7lar\u0131n\u0131z\u0131 h\u0131zl\u0131 ve etkili \u015fekilde kurutabilmenizi sa\u011flayan Hairtime Travel Mini Sa\u00e7 kurutma makinesi, kullan\u0131\u015fl\u0131 ve pratik tasar\u0131m\u0131 ile hem evde hemde seyahat veya tatillerde rahat kullan\u0131m olana\u011f\u0131 sunuyor; 2 ayr\u0131 h\u0131z kademesi bulunan Hairtime Travel Mini Sa\u00e7 kurutma makinesi, sa\u00e7 tellerini ve dokusunu y\u0131pratmadan kurutuyor; Banyo , du\u015f sonras\u0131 [&hellip;]<\/p>\n","protected":false},"author":1,"featured_media":0,"parent":0,"menu_order":0,"comment_status":"closed","ping_status":"closed","template":"","meta":{"footnotes":""},"class_list":["post-153","page","type-page","status-publish","hentry"],"_links":{"self":[{"href":"https:\/\/mecanix.com.tr\/index.php?rest_route=\/wp\/v2\/pages\/153","targetHints":{"allow":["GET"]}}],"collection":[{"href":"https:\/\/mecanix.com.tr\/index.php?rest_route=\/wp\/v2\/pages"}],"about":[{"href":"https:\/\/mecanix.com.tr\/index.php?rest_route=\/wp\/v2\/types\/page"}],"author":[{"embeddable":true,"href":"https:\/\/mecanix.com.tr\/index.php?rest_route=\/wp\/v2\/users\/1"}],"replies":[{"embeddable":true,"href":"https:\/\/mecanix.com.tr\/index.php?rest_route=%2Fwp%2Fv2%2Fcomments&post=153"}],"version-history":[{"count":1,"href":"https:\/\/mecanix.com.tr\/index.php?rest_route=\/wp\/v2\/pages\/153\/revisions"}],"predecessor-version":[{"id":163,"href":"https:\/\/mecanix.com.tr\/index.php?rest_route=\/wp\/v2\/pages\/153\/revisions\/163"}],"wp:attachment":[{"href":"https:\/\/mecanix.com.tr\/index.php?rest_route=%2Fwp%2Fv2%2Fmedia&parent=153"}],"curies":[{"name":"wp","href":"https:\/\/api.w.org\/{rel}","templated":true}]}}