{"id":124,"date":"2025-08-14T17:34:55","date_gmt":"2025-08-14T17:34:55","guid":{"rendered":"https:\/\/mecanix.com.tr\/?page_id=124"},"modified":"2025-09-10T16:23:30","modified_gmt":"2025-09-10T16:23:30","slug":"124-2","status":"publish","type":"page","link":"https:\/\/mecanix.com.tr\/?page_id=124","title":{"rendered":"PS15"},"content":{"rendered":"\n<div class=\"wp-block-group alignfull has-global-padding is-layout-constrained wp-block-group-is-layout-constrained\" style=\"margin-top:0;margin-bottom:0;padding-top:var(--wp--preset--spacing--50);padding-bottom:var(--wp--preset--spacing--50)\">\n<div class=\"wp-block-columns alignwide is-layout-flex wp-container-core-columns-is-layout-47c06fe3 wp-block-columns-is-layout-flex\">\n<div class=\"wp-block-column is-layout-flow wp-block-column-is-layout-flow\" style=\"flex-basis:56%\">\n<figure class=\"wp-block-image size-full\"><img loading=\"lazy\" decoding=\"async\" width=\"1587\" height=\"2245\" src=\"http:\/\/mecanix.com.tr\/wp-content\/uploads\/2025\/08\/ps15resimli.jpg\" alt=\"\" class=\"wp-image-23\" srcset=\"https:\/\/mecanix.com.tr\/wp-content\/uploads\/2025\/08\/ps15resimli.jpg 1587w, https:\/\/mecanix.com.tr\/wp-content\/uploads\/2025\/08\/ps15resimli-212x300.jpg 212w, https:\/\/mecanix.com.tr\/wp-content\/uploads\/2025\/08\/ps15resimli-724x1024.jpg 724w, https:\/\/mecanix.com.tr\/wp-content\/uploads\/2025\/08\/ps15resimli-768x1086.jpg 768w, https:\/\/mecanix.com.tr\/wp-content\/uploads\/2025\/08\/ps15resimli-1086x1536.jpg 1086w, https:\/\/mecanix.com.tr\/wp-content\/uploads\/2025\/08\/ps15resimli-1448x2048.jpg 1448w\" sizes=\"auto, (max-width: 1587px) 100vw, 1587px\" \/><\/figure>\n<\/div>\n\n\n\n<div class=\"wp-block-column is-vertically-aligned-center is-layout-flow wp-container-core-column-is-layout-119bc444 wp-block-column-is-layout-flow\">\n<h2 class=\"wp-block-heading\"><\/h2>\n\n\n\n<p>PS15 1 KARTU\u015eLU S\u0130R MAK\u0130NES\u0130<\/p>\n<\/div>\n<\/div>\n<\/div>\n\n\n\n<div class=\"wp-block-group alignfull has-global-padding is-layout-constrained wp-block-group-is-layout-constrained\" style=\"margin-top:0;margin-bottom:0;padding-top:var(--wp--preset--spacing--50);padding-bottom:var(--wp--preset--spacing--50)\">\n<div class=\"wp-block-group alignwide is-layout-grid wp-container-core-group-is-layout-21f393a4 wp-block-group-is-layout-grid\">\n<figure class=\"wp-block-image size-full\"><img loading=\"lazy\" decoding=\"async\" width=\"1772\" height=\"2005\" src=\"https:\/\/mecanix.com.tr\/wp-content\/uploads\/2025\/08\/KARTUS-SET.jpg\" alt=\"\" class=\"wp-image-125\" style=\"object-fit:cover\" srcset=\"https:\/\/mecanix.com.tr\/wp-content\/uploads\/2025\/08\/KARTUS-SET.jpg 1772w, https:\/\/mecanix.com.tr\/wp-content\/uploads\/2025\/08\/KARTUS-SET-265x300.jpg 265w, https:\/\/mecanix.com.tr\/wp-content\/uploads\/2025\/08\/KARTUS-SET-905x1024.jpg 905w, https:\/\/mecanix.com.tr\/wp-content\/uploads\/2025\/08\/KARTUS-SET-768x869.jpg 768w, https:\/\/mecanix.com.tr\/wp-content\/uploads\/2025\/08\/KARTUS-SET-1358x1536.jpg 1358w\" sizes=\"auto, (max-width: 1772px) 100vw, 1772px\" \/><\/figure>\n\n\n\n<figure class=\"wp-block-image size-full\"><img loading=\"lazy\" decoding=\"async\" width=\"1200\" height=\"2005\" src=\"https:\/\/mecanix.com.tr\/wp-content\/uploads\/2025\/08\/PS15-1.jpg\" alt=\"\" class=\"wp-image-126\" style=\"object-fit:cover\" srcset=\"https:\/\/mecanix.com.tr\/wp-content\/uploads\/2025\/08\/PS15-1.jpg 1200w, https:\/\/mecanix.com.tr\/wp-content\/uploads\/2025\/08\/PS15-1-180x300.jpg 180w, https:\/\/mecanix.com.tr\/wp-content\/uploads\/2025\/08\/PS15-1-613x1024.jpg 613w, https:\/\/mecanix.com.tr\/wp-content\/uploads\/2025\/08\/PS15-1-768x1283.jpg 768w, https:\/\/mecanix.com.tr\/wp-content\/uploads\/2025\/08\/PS15-1-919x1536.jpg 919w\" sizes=\"auto, (max-width: 1200px) 100vw, 1200px\" \/><\/figure>\n<\/div>\n<\/div>\n\n\n\n<p><\/p>\n","protected":false},"excerpt":{"rendered":"<p>PS15 1 KARTU\u015eLU S\u0130R MAK\u0130NES\u0130<\/p>\n","protected":false},"author":1,"featured_media":0,"parent":0,"menu_order":0,"comment_status":"closed","ping_status":"closed","template":"","meta":{"footnotes":""},"class_list":["post-124","page","type-page","status-publish","hentry"],"_links":{"self":[{"href":"https:\/\/mecanix.com.tr\/index.php?rest_route=\/wp\/v2\/pages\/124","targetHints":{"allow":["GET"]}}],"collection":[{"href":"https:\/\/mecanix.com.tr\/index.php?rest_route=\/wp\/v2\/pages"}],"about":[{"href":"https:\/\/mecanix.com.tr\/index.php?rest_route=\/wp\/v2\/types\/page"}],"author":[{"embeddable":true,"href":"https:\/\/mecanix.com.tr\/index.php?rest_route=\/wp\/v2\/users\/1"}],"replies":[{"embeddable":true,"href":"https:\/\/mecanix.com.tr\/index.php?rest_route=%2Fwp%2Fv2%2Fcomments&post=124"}],"version-history":[{"count":2,"href":"https:\/\/mecanix.com.tr\/index.php?rest_route=\/wp\/v2\/pages\/124\/revisions"}],"predecessor-version":[{"id":166,"href":"https:\/\/mecanix.com.tr\/index.php?rest_route=\/wp\/v2\/pages\/124\/revisions\/166"}],"wp:attachment":[{"href":"https:\/\/mecanix.com.tr\/index.php?rest_route=%2Fwp%2Fv2%2Fmedia&parent=124"}],"curies":[{"name":"wp","href":"https:\/\/api.w.org\/{rel}","templated":true}]}}